{"id":87,"date":"2025-12-12T10:37:25","date_gmt":"2025-12-12T10:37:25","guid":{"rendered":"https:\/\/t-silikon.com\/shop\/?post_type=product&#038;p=87"},"modified":"2025-12-12T10:37:45","modified_gmt":"2025-12-12T10:37:45","slug":"silikon-cuzdan-sc001","status":"publish","type":"product","link":"https:\/\/t-silikon.com\/shop\/product\/silikon-cuzdan-sc001\/","title":{"rendered":"Silikon C\u00fczdan SC001"},"content":{"rendered":"<p>[contact-form-7 id=&#8221;1689&#8243; title=&#8221;Contact&#8221;]<\/p>\n","protected":false},"excerpt":{"rendered":"<p><strong>\u00dcr\u00fcn Kodu : SC001<\/strong><\/p>\n<p>Son derece kullan\u0131\u015fl\u0131 olup %100 silikondan \u00fcretilmi\u015ftir, firma mesajlar\u0131n\u0131z\u0131 kolayl\u0131kla \u00fcr\u00fcn\u00fcm\u00fcz\u00fcn \u00fczerinde istedi\u011finiz \u015fekilde sergileyebilirsiniz.<br \/>\n\u0130ste\u011finize \u00f6zel olarak pantone rengi ile \u00fcretim yap\u0131labilir.<\/p>\n<p>Minimum Sipari\u015f : 100 adet<\/p>\n<p>\u00d6l\u00e7\u00fc :<\/p>\n<p><img fetchpriority=\"high\" decoding=\"async\" class=\"alignnone wp-image-2342\" src=\"http:\/\/www.t-silikon.com\/wp-content\/uploads\/2015\/03\/renk-kartelasi.png\" alt=\"renk-kartelasi\" width=\"249\" height=\"203\" \/><\/p>\n","protected":false},"featured_media":129,"template":"","meta":{"pagelayer_contact_templates":[],"_pagelayer_content":""},"product_brand":[],"product_cat":[16,39],"product_tag":[40],"class_list":{"0":"post-87","1":"product","2":"type-product","3":"status-publish","4":"has-post-thumbnail","6":"product_cat-silikon-bileklik","7":"product_cat-silikon-cuzdan","8":"product_tag-silikon-cuzdan","10":"first","11":"instock","12":"shipping-taxable","13":"product-type-simple"},"_links":{"self":[{"href":"https:\/\/t-silikon.com\/shop\/wp-json\/wp\/v2\/product\/87","targetHints":{"allow":["GET"]}}],"collection":[{"href":"https:\/\/t-silikon.com\/shop\/wp-json\/wp\/v2\/product"}],"about":[{"href":"https:\/\/t-silikon.com\/shop\/wp-json\/wp\/v2\/types\/product"}],"wp:featuredmedia":[{"embeddable":true,"href":"https:\/\/t-silikon.com\/shop\/wp-json\/wp\/v2\/media\/129"}],"wp:attachment":[{"href":"https:\/\/t-silikon.com\/shop\/wp-json\/wp\/v2\/media?parent=87"}],"wp:term":[{"taxonomy":"product_brand","embeddable":true,"href":"https:\/\/t-silikon.com\/shop\/wp-json\/wp\/v2\/product_brand?post=87"},{"taxonomy":"product_cat","embeddable":true,"href":"https:\/\/t-silikon.com\/shop\/wp-json\/wp\/v2\/product_cat?post=87"},{"taxonomy":"product_tag","embeddable":true,"href":"https:\/\/t-silikon.com\/shop\/wp-json\/wp\/v2\/product_tag?post=87"}],"curies":[{"name":"wp","href":"https:\/\/api.w.org\/{rel}","templated":true}]}}