{"id":86,"date":"2025-12-12T10:37:25","date_gmt":"2025-12-12T10:37:25","guid":{"rendered":"https:\/\/t-silikon.com\/shop\/?post_type=product&#038;p=86"},"modified":"2025-12-12T10:37:43","modified_gmt":"2025-12-12T10:37:43","slug":"silikon-anahtarlik-sa001","status":"publish","type":"product","link":"https:\/\/t-silikon.com\/shop\/product\/silikon-anahtarlik-sa001\/","title":{"rendered":"Silikon Anahtarl\u0131k SA001"},"content":{"rendered":"<p>[contact-form-7 id=&#8221;1689&#8243; title=&#8221;Contact&#8221;]<\/p>\n","protected":false},"excerpt":{"rendered":"<p><strong>\u00dcr\u00fcn Kodu : SA001<\/strong><\/p>\n<p>% 100 silikondan \u00fcretilmi\u015f olup esnek yap\u0131s\u0131yla gerekti\u011finde bile\u011fe de tak\u0131labilir, ayr\u0131ca firma logo i\u00e7in en \u00e7ok kullan\u0131lan reklam ara\u00e7lar\u0131ndan biridir.<br \/>\nSilikon bileklikleri, farkl\u0131 renkler ile firman\u0131z veya \u015fahs\u0131n\u0131za uygun \u00f6zelle\u015ftirebilirsiniz.<br \/>\n\u0130ste\u011finize \u00f6zel olarak pantone rengi ile \u00fcretim yap\u0131labilir.<\/p>\n<p>Minimum Sipari\u015f : 50\u00a0adet<\/p>\n<p>\u00d6l\u00e7\u00fc : 160\/180\/202*12*2<\/p>\n<p><img decoding=\"async\" class=\"alignnone wp-image-2342\" src=\"http:\/\/www.t-silikon.com\/wp-content\/uploads\/2015\/03\/renk-kartelasi.png\" alt=\"renk-kartelasi\" width=\"247\" height=\"201\" \/><\/p>\n","protected":false},"featured_media":128,"template":"","meta":{"pagelayer_contact_templates":[],"_pagelayer_content":""},"product_brand":[],"product_cat":[37,16],"product_tag":[38],"class_list":{"0":"post-86","1":"product","2":"type-product","3":"status-publish","4":"has-post-thumbnail","6":"product_cat-silikon-anahtarlik","7":"product_cat-silikon-bileklik","8":"product_tag-silikon-anahtarlik","10":"first","11":"instock","12":"shipping-taxable","13":"product-type-simple"},"_links":{"self":[{"href":"https:\/\/t-silikon.com\/shop\/wp-json\/wp\/v2\/product\/86","targetHints":{"allow":["GET"]}}],"collection":[{"href":"https:\/\/t-silikon.com\/shop\/wp-json\/wp\/v2\/product"}],"about":[{"href":"https:\/\/t-silikon.com\/shop\/wp-json\/wp\/v2\/types\/product"}],"wp:featuredmedia":[{"embeddable":true,"href":"https:\/\/t-silikon.com\/shop\/wp-json\/wp\/v2\/media\/128"}],"wp:attachment":[{"href":"https:\/\/t-silikon.com\/shop\/wp-json\/wp\/v2\/media?parent=86"}],"wp:term":[{"taxonomy":"product_brand","embeddable":true,"href":"https:\/\/t-silikon.com\/shop\/wp-json\/wp\/v2\/product_brand?post=86"},{"taxonomy":"product_cat","embeddable":true,"href":"https:\/\/t-silikon.com\/shop\/wp-json\/wp\/v2\/product_cat?post=86"},{"taxonomy":"product_tag","embeddable":true,"href":"https:\/\/t-silikon.com\/shop\/wp-json\/wp\/v2\/product_tag?post=86"}],"curies":[{"name":"wp","href":"https:\/\/api.w.org\/{rel}","templated":true}]}}