{"id":246,"date":"2025-12-14T19:52:51","date_gmt":"2025-12-14T19:52:51","guid":{"rendered":"https:\/\/t-silikon.com\/shop\/?post_type=product&#038;p=246"},"modified":"2025-12-14T20:05:47","modified_gmt":"2025-12-14T20:05:47","slug":"seri-numarali-silikon-bileklik-srn001-2","status":"publish","type":"product","link":"https:\/\/t-silikon.com\/shop\/product\/seri-numarali-silikon-bileklik-srn001-2\/","title":{"rendered":"Seri Numaral\u0131 Silikon Bileklik SRN001"},"content":{"rendered":"<p>[contact-form-7 id=&#8221;1689&#8243; title=&#8221;Contact&#8221;]<\/p>\n<p>Silikon bilekliklerin bask\u0131 kalitesi ve kullan\u0131m \u00f6m\u00fcrleri ham maddeleri olan silikona ba\u011fl\u0131d\u0131r. %100 silikondan \u00fcretilen bir silikon bileklik lateks ve kur\u015fun i\u00e7ermez. %100 silikon bileklik t\u00fcm bask\u0131 y\u00f6ntemlerinde m\u00fckemmel ve kal\u0131c\u0131 sonu\u00e7 verir. Anti-alerjiktir, t\u00fcm ya\u015f gruplar\u0131 taraf\u0131ndan g\u00f6n\u00fcl rahatl\u0131\u011f\u0131 ile kullan\u0131l\u0131r.<br \/>\nDaha d\u00fc\u015f\u00fck maliyet i\u00e7erdi\u011finden silikon bilekli\u011fe alternatif olarak silikon ve plastik kar\u0131\u015f\u0131m\u0131 bileklik \u00fcretimi yapan firmalar bu bileklikleri silikon bileklik olarak pazarlayabiliyor. Saf silikondan olu\u015fmayan bu bilekliklerin \u00fcst\u00fcne uygulanan bask\u0131 \u00e7ok k\u0131sa bir zaman i\u00e7inde a\u015f\u0131n\u0131yor ve hatta tamamen yok oluyor. T-Silikon ve T-Bileklik %100 silikon olarak \u00fcretim yapmaktad\u0131r.<\/p>\n<p>T\u00fcm \u00fcr\u00fcnlerimiz sertifikal\u0131d\u0131r.<\/p>\n","protected":false},"excerpt":{"rendered":"<p><strong>\u00dcr\u00fcn Kodu : SRN001<\/strong><\/p>\n<p>\u00dczerinde logonuz, yaz\u0131n\u0131z\u0131n d\u0131\u015f\u0131nda seri numaras\u0131da bulunduran bu bilekliklerimiz farkl\u0131 renk ve \u00f6l\u00e7\u00fclerde \u00fcretilebilir ve yaz\u0131n\u0131z serigrafi, g\u00f6mme ve kabartma bask\u0131l\u0131 olabilir.<br \/>\n%100 silikon malzemeden \u00fcretilmi\u015ftir.<br \/>\nSilikon bileklikleri, farkl\u0131 renkler ile firman\u0131z veya \u015fahs\u0131n\u0131za uygun \u00f6zelle\u015ftirebilirsiniz.<br \/>\n\u0130ste\u011finize \u00f6zel olarak pantone rengi ile \u00fcretim yap\u0131labilir.<\/p>\n<p>Minimum Sipari\u015f : 100 adet<\/p>\n<p>\u00d6l\u00e7\u00fc : 160\/180\/202*12*2<\/p>\n<p><img fetchpriority=\"high\" decoding=\"async\" class=\"alignnone wp-image-2342\" src=\"http:\/\/www.t-silikon.com\/wp-content\/uploads\/2015\/03\/renk-kartelasi.png\" alt=\"renk-kartelasi\" width=\"249\" height=\"203\" \/><\/p>\n","protected":false},"featured_media":126,"template":"","meta":{"pagelayer_contact_templates":[],"_pagelayer_content":""},"product_brand":[],"product_cat":[35,16],"product_tag":[19],"class_list":{"0":"post-246","1":"product","2":"type-product","3":"status-publish","4":"has-post-thumbnail","6":"product_cat-seri-numarali-silikon-bileklik","7":"product_cat-silikon-bileklik","8":"product_tag-silikon-bileklik","10":"first","11":"instock","12":"shipping-taxable","13":"product-type-simple"},"_links":{"self":[{"href":"https:\/\/t-silikon.com\/shop\/wp-json\/wp\/v2\/product\/246","targetHints":{"allow":["GET"]}}],"collection":[{"href":"https:\/\/t-silikon.com\/shop\/wp-json\/wp\/v2\/product"}],"about":[{"href":"https:\/\/t-silikon.com\/shop\/wp-json\/wp\/v2\/types\/product"}],"wp:featuredmedia":[{"embeddable":true,"href":"https:\/\/t-silikon.com\/shop\/wp-json\/wp\/v2\/media\/126"}],"wp:attachment":[{"href":"https:\/\/t-silikon.com\/shop\/wp-json\/wp\/v2\/media?parent=246"}],"wp:term":[{"taxonomy":"product_brand","embeddable":true,"href":"https:\/\/t-silikon.com\/shop\/wp-json\/wp\/v2\/product_brand?post=246"},{"taxonomy":"product_cat","embeddable":true,"href":"https:\/\/t-silikon.com\/shop\/wp-json\/wp\/v2\/product_cat?post=246"},{"taxonomy":"product_tag","embeddable":true,"href":"https:\/\/t-silikon.com\/shop\/wp-json\/wp\/v2\/product_tag?post=246"}],"curies":[{"name":"wp","href":"https:\/\/api.w.org\/{rel}","templated":true}]}}