{"id":245,"date":"2025-12-14T19:43:08","date_gmt":"2025-12-14T19:43:08","guid":{"rendered":"https:\/\/t-silikon.com\/shop\/?post_type=product&#038;p=245"},"modified":"2025-12-14T19:52:08","modified_gmt":"2025-12-14T19:52:08","slug":"fosforlu-silikon-bileklik-sb007-2","status":"publish","type":"product","link":"https:\/\/t-silikon.com\/shop\/product\/fosforlu-silikon-bileklik-sb007-2\/","title":{"rendered":"Fosforlu Silikon Bileklik SB007"},"content":{"rendered":"<p>[contact-form-7 id=&#8221;1689&#8243; title=&#8221;Contact&#8221;]<\/p>\n","protected":false},"excerpt":{"rendered":"<p><strong>\u00dcr\u00fcn Kodu : SB007<\/strong><\/p>\n<p>Karanl\u0131kta parlayan saydam bilekliklerdir. Genelde e\u011flence sekt\u00f6r\u00fcnde kullan\u0131lan bu \u00fcr\u00fcn, zaman zaman emniyet i\u00e7inde kullan\u0131l\u0131r. \u00c7e\u015fitli renkleri mevcuttur.<br \/>\n%100 silikon malzemeden \u00fcretilmi\u015ftir.<br \/>\nSilikon bileklikleri, farkl\u0131 renkler ile firman\u0131z veya \u015fahs\u0131n\u0131za uygun \u00f6zelle\u015ftirebilirsiniz.<br \/>\n\u0130ste\u011finize \u00f6zel olarak pantone rengi ile \u00fcretim yap\u0131labilir.<\/p>\n<p>Minimum Sipari\u015f : 100 adet<\/p>\n<p>\u00d6l\u00e7\u00fc : 160\/180\/202*12*2<br \/>\n<img fetchpriority=\"high\" decoding=\"async\" class=\"alignnone wp-image-2342\" src=\"http:\/\/www.t-silikon.com\/wp-content\/uploads\/2015\/03\/renk-kartelasi.png\" alt=\"renk-kartelasi\" width=\"249\" height=\"203\" \/><\/p>\n","protected":false},"featured_media":102,"template":"","meta":{"pagelayer_contact_templates":[],"_pagelayer_content":""},"product_brand":[],"product_cat":[20,16],"product_tag":[19],"class_list":{"0":"post-245","1":"product","2":"type-product","3":"status-publish","4":"has-post-thumbnail","6":"product_cat-fosforlu-bileklik","7":"product_cat-silikon-bileklik","8":"product_tag-silikon-bileklik","10":"first","11":"instock","12":"shipping-taxable","13":"product-type-simple"},"_links":{"self":[{"href":"https:\/\/t-silikon.com\/shop\/wp-json\/wp\/v2\/product\/245","targetHints":{"allow":["GET"]}}],"collection":[{"href":"https:\/\/t-silikon.com\/shop\/wp-json\/wp\/v2\/product"}],"about":[{"href":"https:\/\/t-silikon.com\/shop\/wp-json\/wp\/v2\/types\/product"}],"wp:featuredmedia":[{"embeddable":true,"href":"https:\/\/t-silikon.com\/shop\/wp-json\/wp\/v2\/media\/102"}],"wp:attachment":[{"href":"https:\/\/t-silikon.com\/shop\/wp-json\/wp\/v2\/media?parent=245"}],"wp:term":[{"taxonomy":"product_brand","embeddable":true,"href":"https:\/\/t-silikon.com\/shop\/wp-json\/wp\/v2\/product_brand?post=245"},{"taxonomy":"product_cat","embeddable":true,"href":"https:\/\/t-silikon.com\/shop\/wp-json\/wp\/v2\/product_cat?post=245"},{"taxonomy":"product_tag","embeddable":true,"href":"https:\/\/t-silikon.com\/shop\/wp-json\/wp\/v2\/product_tag?post=245"}],"curies":[{"name":"wp","href":"https:\/\/api.w.org\/{rel}","templated":true}]}}