{"id":243,"date":"2025-12-14T19:39:54","date_gmt":"2025-12-14T19:39:54","guid":{"rendered":"https:\/\/t-silikon.com\/shop\/?post_type=product&#038;p=243"},"modified":"2025-12-14T19:40:27","modified_gmt":"2025-12-14T19:40:27","slug":"qr-kodlu-silikon-bileklik-qr001-2","status":"publish","type":"product","link":"https:\/\/t-silikon.com\/shop\/product\/qr-kodlu-silikon-bileklik-qr001-2\/","title":{"rendered":"QR Kodlu Silikon Bileklik QR001"},"content":{"rendered":"<p>[contact-form-7 id=&#8221;1689&#8243; title=&#8221;Contact&#8221;]<\/p>\n","protected":false},"excerpt":{"rendered":"<p><strong>\u00dcr\u00fcn Kodu : QR001<\/strong><\/p>\n<p>% 100 silikondan \u00fcretilmi\u015f olan bu bilekli\u011fimizi konser, fuar gibi etkinliklerde kullanabilirsiniz. QR kodu d\u0131\u015f\u0131nda logo veya yaz\u0131 gibi bask\u0131lar yapt\u0131rabilirsiniz.<br \/>\nSilikon bileklikleri, farkl\u0131 renkler ile firman\u0131z veya \u015fahs\u0131n\u0131za uygun \u00f6zelle\u015ftirebilirsiniz.<br \/>\n\u0130ste\u011finize \u00f6zel olarak pantone rengi ile \u00fcretim yap\u0131labilir.<\/p>\n<p>Minimum Sipari\u015f : 50 adet<\/p>\n<p>\u00d6l\u00e7\u00fc : 160\/180\/202*25*2<\/p>\n<p><img fetchpriority=\"high\" decoding=\"async\" class=\"alignnone wp-image-2342\" src=\"http:\/\/www.t-silikon.com\/wp-content\/uploads\/2015\/03\/renk-kartelasi.png\" alt=\"renk-kartelasi\" width=\"249\" height=\"203\" \/><\/p>\n","protected":false},"featured_media":120,"template":"","meta":{"pagelayer_contact_templates":[],"_pagelayer_content":""},"product_brand":[],"product_cat":[31,16],"product_tag":[32,19],"class_list":{"0":"post-243","1":"product","2":"type-product","3":"status-publish","4":"has-post-thumbnail","6":"product_cat-qr-kodlu-silikon-bileklik","7":"product_cat-silikon-bileklik","8":"product_tag-qr-kodlu-bileklik","9":"product_tag-silikon-bileklik","11":"first","12":"instock","13":"shipping-taxable","14":"product-type-simple"},"_links":{"self":[{"href":"https:\/\/t-silikon.com\/shop\/wp-json\/wp\/v2\/product\/243","targetHints":{"allow":["GET"]}}],"collection":[{"href":"https:\/\/t-silikon.com\/shop\/wp-json\/wp\/v2\/product"}],"about":[{"href":"https:\/\/t-silikon.com\/shop\/wp-json\/wp\/v2\/types\/product"}],"wp:featuredmedia":[{"embeddable":true,"href":"https:\/\/t-silikon.com\/shop\/wp-json\/wp\/v2\/media\/120"}],"wp:attachment":[{"href":"https:\/\/t-silikon.com\/shop\/wp-json\/wp\/v2\/media?parent=243"}],"wp:term":[{"taxonomy":"product_brand","embeddable":true,"href":"https:\/\/t-silikon.com\/shop\/wp-json\/wp\/v2\/product_brand?post=243"},{"taxonomy":"product_cat","embeddable":true,"href":"https:\/\/t-silikon.com\/shop\/wp-json\/wp\/v2\/product_cat?post=243"},{"taxonomy":"product_tag","embeddable":true,"href":"https:\/\/t-silikon.com\/shop\/wp-json\/wp\/v2\/product_tag?post=243"}],"curies":[{"name":"wp","href":"https:\/\/api.w.org\/{rel}","templated":true}]}}