{"id":3,"date":"2025-12-10T08:55:15","date_gmt":"2025-12-10T08:55:15","guid":{"rendered":"https:\/\/t-silikon.com\/shop\/\/?page_id=3"},"modified":"2025-12-16T22:37:14","modified_gmt":"2025-12-16T22:37:14","slug":"gizlilik-politikasi","status":"publish","type":"page","link":"https:\/\/t-silikon.com\/shop\/gizlilik-politikasi\/","title":{"rendered":"Gizlilik Politikas\u0131"},"content":{"rendered":"\t\t<div data-elementor-type=\"wp-page\" data-elementor-id=\"3\" class=\"elementor elementor-3\">\n\t\t\t\t<div class=\"elementor-element elementor-element-6096fd36 e-flex e-con-boxed e-con e-parent\" data-id=\"6096fd36\" data-element_type=\"container\" data-e-type=\"container\">\n\t\t\t\t\t<div class=\"e-con-inner\">\n\t\t\t\t<div class=\"elementor-element elementor-element-53cb7a0d elementor-widget elementor-widget-text-editor\" data-id=\"53cb7a0d\" data-element_type=\"widget\" data-e-type=\"widget\" data-widget_type=\"text-editor.default\">\n\t\t\t\t\t\t\t\t\t\n<p data-start=\"205\" data-end=\"492\">T-S\u0130L\u0130KON olarak gizlili\u011finize sayg\u0131 duyuyor ve ki\u015fisel verilerinizin korunmas\u0131na b\u00fcy\u00fck \u00f6nem veriyoruz. Bu Gizlilik Politikas\u0131, web sitemizi ziyaret etti\u011finizde veya sitemiz \u00fczerinden al\u0131\u015fveri\u015f yapt\u0131\u011f\u0131n\u0131zda bilgilerinizin nas\u0131l topland\u0131\u011f\u0131n\u0131, kullan\u0131ld\u0131\u011f\u0131n\u0131 ve korundu\u011funu a\u00e7\u0131klamaktad\u0131r.<\/p>\n<hr data-start=\"494\" data-end=\"497\" \/>\n<h3 class=\"wp-block-heading\" data-start=\"499\" data-end=\"531\"><strong data-start=\"503\" data-end=\"531\">1. Toplad\u0131\u011f\u0131m\u0131z Bilgiler<\/strong><\/h3>\n<p data-start=\"533\" data-end=\"597\">Web sitemizi kulland\u0131\u011f\u0131n\u0131zda a\u015fa\u011f\u0131daki bilgileri toplayabiliriz:<\/p>\n<ul data-start=\"599\" data-end=\"844\">\n<li data-start=\"599\" data-end=\"658\">\n<p data-start=\"601\" data-end=\"658\">Ki\u015fisel bilgiler (ad, e-posta adresi, telefon numaras\u0131)<\/p>\n<\/li>\n<li data-start=\"659\" data-end=\"688\">\n<p data-start=\"661\" data-end=\"688\">Fatura ve teslimat adresi<\/p>\n<\/li>\n<li data-start=\"689\" data-end=\"780\">\n<p data-start=\"691\" data-end=\"780\">\u00d6deme bilgileri (\u00fc\u00e7\u00fcnc\u00fc taraf \u00f6deme sa\u011flay\u0131c\u0131lar\u0131 arac\u0131l\u0131\u011f\u0131yla g\u00fcvenli \u015fekilde i\u015flenir)<\/p>\n<\/li>\n<li data-start=\"781\" data-end=\"800\">\n<p data-start=\"783\" data-end=\"800\">Sipari\u015f ge\u00e7mi\u015fi<\/p>\n<\/li>\n<li data-start=\"801\" data-end=\"844\">\n<p data-start=\"803\" data-end=\"844\">IP adresi ve taray\u0131c\u0131 \/ cihaz bilgileri<\/p>\n<\/li>\n<\/ul>\n<hr data-start=\"846\" data-end=\"849\" \/>\n<h3 data-start=\"851\" data-end=\"894\"><strong data-start=\"855\" data-end=\"894\">2. Bilgilerinizi Nas\u0131l Kullan\u0131yoruz<\/strong><\/h3>\n<p data-start=\"896\" data-end=\"950\">Toplad\u0131\u011f\u0131m\u0131z bilgileri a\u015fa\u011f\u0131daki ama\u00e7larla kullan\u0131r\u0131z:<\/p>\n<ul data-start=\"952\" data-end=\"1199\">\n<li data-start=\"952\" data-end=\"1000\">\n<p data-start=\"954\" data-end=\"1000\">Sipari\u015flerinizi i\u015fleme almak ve teslim etmek<\/p>\n<\/li>\n<li data-start=\"1001\" data-end=\"1071\">\n<p data-start=\"1003\" data-end=\"1071\">Sipari\u015fleriniz veya talepleriniz hakk\u0131nda sizinle ileti\u015fime ge\u00e7mek<\/p>\n<\/li>\n<li data-start=\"1072\" data-end=\"1118\">\n<p data-start=\"1074\" data-end=\"1118\">Web sitemizi ve hizmetlerimizi geli\u015ftirmek<\/p>\n<\/li>\n<li data-start=\"1119\" data-end=\"1149\">\n<p data-start=\"1121\" data-end=\"1149\">Yasal y\u00fck\u00fcml\u00fcl\u00fcklere uymak<\/p>\n<\/li>\n<li data-start=\"1150\" data-end=\"1199\">\n<p data-start=\"1152\" data-end=\"1199\">Doland\u0131r\u0131c\u0131l\u0131\u011f\u0131 \u00f6nlemek ve g\u00fcvenli\u011fi sa\u011flamak<\/p>\n<\/li>\n<\/ul>\n<hr data-start=\"1201\" data-end=\"1204\" \/>\n<h3 data-start=\"1206\" data-end=\"1235\"><strong data-start=\"1210\" data-end=\"1235\">3. \u00c7erezler (Cookies)<\/strong><\/h3>\n<p data-start=\"1237\" data-end=\"1444\">Web sitemiz, kullan\u0131c\u0131 deneyimini geli\u015ftirmek, trafi\u011fi analiz etmek ve site i\u015flevselli\u011fini art\u0131rmak amac\u0131yla \u00e7erezler kullan\u0131r. \u00c7erezleri taray\u0131c\u0131 ayarlar\u0131n\u0131zdan y\u00f6netebilir veya devre d\u0131\u015f\u0131 b\u0131rakabilirsiniz.<\/p>\n<hr data-start=\"1446\" data-end=\"1449\" \/>\n<h3 data-start=\"1451\" data-end=\"1489\"><strong data-start=\"1455\" data-end=\"1489\">4. Bilgilerinizin Payla\u015f\u0131lmas\u0131<\/strong><\/h3>\n<p data-start=\"1491\" data-end=\"1597\">Ki\u015fisel verilerinizi satmay\u0131z veya kiralamay\u0131z. Bilgileriniz yaln\u0131zca a\u015fa\u011f\u0131daki taraflarla payla\u015f\u0131labilir:<\/p>\n<ul data-start=\"1599\" data-end=\"1723\">\n<li data-start=\"1599\" data-end=\"1630\">\n<p data-start=\"1601\" data-end=\"1630\">\u00d6deme hizmeti sa\u011flay\u0131c\u0131lar\u0131<\/p>\n<\/li>\n<li data-start=\"1631\" data-end=\"1665\">\n<p data-start=\"1633\" data-end=\"1665\">Kargo ve lojistik i\u015f ortaklar\u0131<\/p>\n<\/li>\n<li data-start=\"1666\" data-end=\"1723\">\n<p data-start=\"1668\" data-end=\"1723\">Yasal zorunluluklar kapsam\u0131nda yetkili resmi makamlar<\/p>\n<\/li>\n<\/ul>\n<hr data-start=\"1725\" data-end=\"1728\" \/>\n<h3 data-start=\"1730\" data-end=\"1755\"><strong data-start=\"1734\" data-end=\"1755\">5. Veri G\u00fcvenli\u011fi<\/strong><\/h3>\n<p data-start=\"1757\" data-end=\"1900\">Ki\u015fisel verilerinizi yetkisiz eri\u015fim, kay\u0131p veya k\u00f6t\u00fcye kullan\u0131ma kar\u015f\u0131 korumak i\u00e7in uygun teknik ve idari g\u00fcvenlik \u00f6nlemlerini uygulamaktay\u0131z.<\/p>\n<hr data-start=\"1902\" data-end=\"1905\" \/>\n<h3 data-start=\"1907\" data-end=\"1928\"><strong data-start=\"1911\" data-end=\"1928\">6. Haklar\u0131n\u0131z<\/strong><\/h3>\n<p data-start=\"1930\" data-end=\"1994\">Y\u00fcr\u00fcrl\u00fckteki mevzuata ba\u011fl\u0131 olarak a\u015fa\u011f\u0131daki haklara sahipsiniz:<\/p>\n<ul data-start=\"1996\" data-end=\"2175\">\n<li data-start=\"1996\" data-end=\"2038\">\n<p data-start=\"1998\" data-end=\"2038\">Ki\u015fisel verilerinize eri\u015fim talep etme<\/p>\n<\/li>\n<li data-start=\"2039\" data-end=\"2095\">\n<p data-start=\"2041\" data-end=\"2095\">Verilerinizin d\u00fczeltilmesini veya silinmesini isteme<\/p>\n<\/li>\n<li data-start=\"2096\" data-end=\"2139\">\n<p data-start=\"2098\" data-end=\"2139\">Vermi\u015f oldu\u011funuz a\u00e7\u0131k r\u0131zay\u0131 geri \u00e7ekme<\/p>\n<\/li>\n<li data-start=\"2140\" data-end=\"2175\">\n<p data-start=\"2142\" data-end=\"2175\">Veri ta\u015f\u0131nabilirli\u011fi talep etme<\/p>\n<\/li>\n<\/ul>\n<p data-start=\"2177\" data-end=\"2240\">Bu haklar\u0131n\u0131z\u0131 kullanmak i\u00e7in bizimle ileti\u015fime ge\u00e7ebilirsiniz.<\/p>\n<hr data-start=\"2242\" data-end=\"2245\" \/>\n<h3 data-start=\"2247\" data-end=\"2281\"><strong data-start=\"2251\" data-end=\"2281\">7. Politika De\u011fi\u015fiklikleri<\/strong><\/h3>\n<p data-start=\"2283\" data-end=\"2392\">Bu Gizlilik Politikas\u0131 zaman zaman g\u00fcncellenebilir. Yap\u0131lan de\u011fi\u015fiklikler bu sayfa \u00fczerinden yay\u0131mlanacakt\u0131r.<\/p>\n<hr data-start=\"2394\" data-end=\"2397\" \/>\n<h3 data-start=\"2399\" data-end=\"2418\"><strong data-start=\"2403\" data-end=\"2418\">8. \u0130leti\u015fim<\/strong><\/h3>\n<p data-start=\"2420\" data-end=\"2525\">Bu Gizlilik Politikas\u0131 ile ilgili herhangi bir sorunuz olmas\u0131 durumunda bizimle ileti\u015fime ge\u00e7ebilirsiniz.<\/p>\n<p data-start=\"2527\" data-end=\"2566\"><strong data-start=\"2527\" data-end=\"2542\">Web Sitesi:<\/strong><br data-start=\"2542\" data-end=\"2545\" \/><a class=\"decorated-link\" href=\"https:\/\/t-silikon.com\" target=\"_new\" rel=\"noopener\" data-start=\"2545\" data-end=\"2566\">https:\/\/t-silikon.com<\/a><\/p>\t\t\t\t\t\t\t\t<\/div>\n\t\t\t\t\t<\/div>\n\t\t\t\t<\/div>\n\t\t\t\t<\/div>\n\t\t","protected":false},"excerpt":{"rendered":"<p>T-S\u0130L\u0130KON olarak gizlili\u011finize sayg\u0131 duyuyor ve ki\u015fisel verilerinizin korunmas\u0131na b\u00fcy\u00fck \u00f6nem veriyoruz. Bu Gizlilik Politikas\u0131, web sitemizi ziyaret etti\u011finizde veya sitemiz \u00fczerinden al\u0131\u015fveri\u015f yapt\u0131\u011f\u0131n\u0131zda bilgilerinizin nas\u0131l topland\u0131\u011f\u0131n\u0131, kullan\u0131ld\u0131\u011f\u0131n\u0131 ve korundu\u011funu a\u00e7\u0131klamaktad\u0131r. 1. Toplad\u0131\u011f\u0131m\u0131z Bilgiler Web sitemizi kulland\u0131\u011f\u0131n\u0131zda a\u015fa\u011f\u0131daki bilgileri toplayabiliriz: Ki\u015fisel bilgiler (ad, e-posta adresi, telefon numaras\u0131) Fatura ve teslimat adresi \u00d6deme bilgileri (\u00fc\u00e7\u00fcnc\u00fc taraf [&hellip;]<\/p>\n","protected":false},"author":1,"featured_media":0,"parent":0,"menu_order":0,"comment_status":"closed","ping_status":"closed","template":"","meta":{"pagelayer_contact_templates":[],"_pagelayer_content":"","footnotes":""},"class_list":["post-3","page","type-page","status-publish","hentry"],"_links":{"self":[{"href":"https:\/\/t-silikon.com\/shop\/wp-json\/wp\/v2\/pages\/3","targetHints":{"allow":["GET"]}}],"collection":[{"href":"https:\/\/t-silikon.com\/shop\/wp-json\/wp\/v2\/pages"}],"about":[{"href":"https:\/\/t-silikon.com\/shop\/wp-json\/wp\/v2\/types\/page"}],"author":[{"embeddable":true,"href":"https:\/\/t-silikon.com\/shop\/wp-json\/wp\/v2\/users\/1"}],"replies":[{"embeddable":true,"href":"https:\/\/t-silikon.com\/shop\/wp-json\/wp\/v2\/comments?post=3"}],"version-history":[{"count":7,"href":"https:\/\/t-silikon.com\/shop\/wp-json\/wp\/v2\/pages\/3\/revisions"}],"predecessor-version":[{"id":327,"href":"https:\/\/t-silikon.com\/shop\/wp-json\/wp\/v2\/pages\/3\/revisions\/327"}],"wp:attachment":[{"href":"https:\/\/t-silikon.com\/shop\/wp-json\/wp\/v2\/media?parent=3"}],"curies":[{"name":"wp","href":"https:\/\/api.w.org\/{rel}","templated":true}]}}