{"id":14,"date":"2025-12-15T18:14:06","date_gmt":"2025-12-15T18:14:06","guid":{"rendered":"https:\/\/t-silikon.com\/shop\/?page_id=14"},"modified":"2025-12-16T22:38:57","modified_gmt":"2025-12-16T22:38:57","slug":"sartlar-ve-kosullar","status":"publish","type":"page","link":"https:\/\/t-silikon.com\/shop\/sartlar-ve-kosullar\/","title":{"rendered":"\u015eartlar ve Ko\u015fullar"},"content":{"rendered":"\t\t<div data-elementor-type=\"wp-page\" data-elementor-id=\"14\" class=\"elementor elementor-14\">\n\t\t\t\t<div class=\"elementor-element elementor-element-1ef237b8 e-flex e-con-boxed e-con e-parent\" data-id=\"1ef237b8\" data-element_type=\"container\" data-e-type=\"container\">\n\t\t\t\t\t<div class=\"e-con-inner\">\n\t\t\t\t<div class=\"elementor-element elementor-element-14d11d8b elementor-widget elementor-widget-text-editor\" data-id=\"14d11d8b\" data-element_type=\"widget\" data-e-type=\"widget\" data-widget_type=\"text-editor.default\">\n\t\t\t\t\t\t\t\t\t\n<p data-start=\"240\" data-end=\"277\"><strong data-start=\"240\" data-end=\"266\">Son g\u00fcncelleme tarihi:<\/strong> 15-12-2025<\/p>\n<p data-start=\"279\" data-end=\"414\">t-silikon.com web sitesine eri\u015fim sa\u011flayarak ve siteyi kullanarak a\u015fa\u011f\u0131da belirtilen <strong data-start=\"364\" data-end=\"388\">\u015eartlar ve Ko\u015fullar\u0131<\/strong> kabul etmi\u015f say\u0131l\u0131rs\u0131n\u0131z.<\/p>\n<hr data-start=\"416\" data-end=\"419\" \/>\n<h3 data-start=\"421\" data-end=\"437\"><strong data-start=\"425\" data-end=\"437\">1. Genel<\/strong><\/h3>\n<p data-start=\"439\" data-end=\"668\">Bu \u015fartlar; m\u00fc\u015fteriler, ziyaret\u00e7iler ve siteye katk\u0131da bulunanlar d\u00e2hil olmak \u00fczere web sitesini kullanan t\u00fcm kullan\u0131c\u0131lar i\u00e7in ge\u00e7erlidir. Bu \u015fartlar\u0131n herhangi bir b\u00f6l\u00fcm\u00fcn\u00fc kabul etmiyorsan\u0131z, l\u00fctfen web sitemizi kullanmay\u0131n\u0131z.<\/p>\n<hr data-start=\"670\" data-end=\"673\" \/>\n<h3 data-start=\"675\" data-end=\"707\"><strong data-start=\"679\" data-end=\"707\">2. \u00dcr\u00fcnler ve Sipari\u015fler<\/strong><\/h3>\n<ul data-start=\"709\" data-end=\"903\">\n<li data-start=\"709\" data-end=\"748\">\n<p data-start=\"711\" data-end=\"748\">T\u00fcm \u00fcr\u00fcnler stok durumuna ba\u011fl\u0131d\u0131r.<\/p>\n<\/li>\n<li data-start=\"749\" data-end=\"822\">\n<p data-start=\"751\" data-end=\"822\">Herhangi bir sipari\u015fi reddetme veya iptal etme hakk\u0131n\u0131 sakl\u0131 tutar\u0131z.<\/p>\n<\/li>\n<li data-start=\"823\" data-end=\"903\">\n<p data-start=\"825\" data-end=\"903\">\u00dcr\u00fcn a\u00e7\u0131klamalar\u0131 ve fiyatlar \u00f6nceden bildirim yap\u0131lmaks\u0131z\u0131n de\u011fi\u015ftirilebilir.<\/p>\n<\/li>\n<\/ul>\n<hr data-start=\"905\" data-end=\"908\" \/>\n<h3 data-start=\"910\" data-end=\"946\"><strong data-start=\"914\" data-end=\"946\">3. Fiyatland\u0131rma ve \u00d6demeler<\/strong><\/h3>\n<ul data-start=\"948\" data-end=\"1179\">\n<li data-start=\"948\" data-end=\"1010\">\n<p data-start=\"950\" data-end=\"1010\">T\u00fcm fiyatlar <strong data-start=\"963\" data-end=\"980\">[para birimi]<\/strong> cinsinden belirtilmektedir.<\/p>\n<\/li>\n<li data-start=\"1011\" data-end=\"1095\">\n<p data-start=\"1013\" data-end=\"1095\">Sipari\u015flerin i\u015fleme al\u0131nabilmesi i\u00e7in \u00f6demenin tamamlanm\u0131\u015f olmas\u0131 gerekmektedir.<\/p>\n<\/li>\n<li data-start=\"1096\" data-end=\"1179\">\n<p data-start=\"1098\" data-end=\"1179\">\u00d6demeler, g\u00fcvenli \u00fc\u00e7\u00fcnc\u00fc taraf \u00f6deme sa\u011flay\u0131c\u0131lar\u0131 arac\u0131l\u0131\u011f\u0131yla ger\u00e7ekle\u015ftirilir.<\/p>\n<\/li>\n<\/ul>\n<hr data-start=\"1181\" data-end=\"1184\" \/>\n<h3 data-start=\"1186\" data-end=\"1214\"><strong data-start=\"1190\" data-end=\"1214\">4. Kargo ve Teslimat<\/strong><\/h3>\n<ul data-start=\"1216\" data-end=\"1353\">\n<li data-start=\"1216\" data-end=\"1275\">\n<p data-start=\"1218\" data-end=\"1275\">Teslimat s\u00fcreleri tahmini olup de\u011fi\u015fiklik g\u00f6sterebilir.<\/p>\n<\/li>\n<li data-start=\"1276\" data-end=\"1353\">\n<p data-start=\"1278\" data-end=\"1353\">\u00dc\u00e7\u00fcnc\u00fc taraf kargo firmalar\u0131ndan kaynaklanan gecikmelerden sorumlu de\u011filiz.<\/p>\n<\/li>\n<\/ul>\n<hr data-start=\"1355\" data-end=\"1358\" \/>\n<h3 data-start=\"1360\" data-end=\"1389\"><strong data-start=\"1364\" data-end=\"1389\">5. \u0130ade ve Geri \u00d6deme<\/strong><\/h3>\n<ul data-start=\"1391\" data-end=\"1601\">\n<li data-start=\"1391\" data-end=\"1454\">\n<p data-start=\"1393\" data-end=\"1454\">\u0130adeler, \u0130ade Politikam\u0131za uygun olarak kabul edilmektedir.<\/p>\n<\/li>\n<li data-start=\"1455\" data-end=\"1524\">\n<p data-start=\"1457\" data-end=\"1524\">\u00dcr\u00fcnlerin kullan\u0131lmam\u0131\u015f ve orijinal durumda olmas\u0131 gerekmektedir.<\/p>\n<\/li>\n<li data-start=\"1525\" data-end=\"1601\">\n<p data-start=\"1527\" data-end=\"1601\">\u00d6zel \u00fcretim veya ki\u015fiselle\u015ftirilmi\u015f \u00fcr\u00fcnler iade kapsam\u0131 d\u0131\u015f\u0131nda olabilir.<\/p>\n<\/li>\n<\/ul>\n<hr data-start=\"1603\" data-end=\"1606\" \/>\n<h3 data-start=\"1608\" data-end=\"1641\"><strong data-start=\"1612\" data-end=\"1641\">6. Fikri M\u00fclkiyet Haklar\u0131<\/strong><\/h3>\n<p data-start=\"1643\" data-end=\"1776\">Bu web sitesinde yer alan t\u00fcm i\u00e7erikler (metinler, g\u00f6rseller, logolar, tasar\u0131mlar) T-S\u0130L\u0130KON\u2019a aittir ve izinsiz olarak kullan\u0131lamaz.<\/p>\n<hr data-start=\"1778\" data-end=\"1781\" \/>\n<h3 data-start=\"1783\" data-end=\"1824\"><strong data-start=\"1787\" data-end=\"1824\">7. Sorumlulu\u011fun S\u0131n\u0131rland\u0131r\u0131lmas\u0131<\/strong><\/h3>\n<p data-start=\"1826\" data-end=\"1939\">Web sitemizin veya \u00fcr\u00fcnlerimizin kullan\u0131m\u0131ndan kaynaklanan dolayl\u0131 veya sonu\u00e7sal zararlardan sorumlu tutulamay\u0131z.<\/p>\n<hr data-start=\"1941\" data-end=\"1944\" \/>\n<h3 data-start=\"1946\" data-end=\"1974\"><strong data-start=\"1950\" data-end=\"1974\">8. Uygulanacak Hukuk<\/strong><\/h3>\n<p data-start=\"1976\" data-end=\"2043\">Bu \u015eartlar ve Ko\u015fullar, <strong data-start=\"2000\" data-end=\"2034\">T\u00fcrkiye Cumhuriyeti yasalar\u0131na<\/strong> tabidir.<\/p>\n<hr data-start=\"2045\" data-end=\"2048\" \/>\n<h3 data-start=\"2050\" data-end=\"2079\"><strong data-start=\"2054\" data-end=\"2079\">9. \u0130leti\u015fim Bilgileri<\/strong><\/h3>\n<p data-start=\"2081\" data-end=\"2179\">Bu Kullan\u0131m \u015eartlar\u0131 ve Ko\u015fullar\u0131 ile ilgili her t\u00fcrl\u00fc soru i\u00e7in bizimle ileti\u015fime ge\u00e7ebilirsiniz.<\/p>\n<p data-start=\"2181\" data-end=\"2220\"><strong data-start=\"2181\" data-end=\"2196\">Web Sitesi:<\/strong><br data-start=\"2196\" data-end=\"2199\" \/><a class=\"decorated-link\" href=\"https:\/\/t-silikon.com\" target=\"_new\" rel=\"noopener\" data-start=\"2199\" data-end=\"2220\">https:\/\/t-silikon.com<\/a><\/p>\n\t\t\t\t\t\t\t\t<\/div>\n\t\t\t\t\t<\/div>\n\t\t\t\t<\/div>\n\t\t\t\t<\/div>\n\t\t","protected":false},"excerpt":{"rendered":"<p>Son g\u00fcncelleme tarihi: 15-12-2025 t-silikon.com web sitesine eri\u015fim sa\u011flayarak ve siteyi kullanarak a\u015fa\u011f\u0131da belirtilen \u015eartlar ve Ko\u015fullar\u0131 kabul etmi\u015f say\u0131l\u0131rs\u0131n\u0131z. 1. Genel Bu \u015fartlar; m\u00fc\u015fteriler, ziyaret\u00e7iler ve siteye katk\u0131da bulunanlar d\u00e2hil olmak \u00fczere web sitesini kullanan t\u00fcm kullan\u0131c\u0131lar i\u00e7in ge\u00e7erlidir. Bu \u015fartlar\u0131n herhangi bir b\u00f6l\u00fcm\u00fcn\u00fc kabul etmiyorsan\u0131z, l\u00fctfen web sitemizi kullanmay\u0131n\u0131z. 2. \u00dcr\u00fcnler ve Sipari\u015fler [&hellip;]<\/p>\n","protected":false},"author":1,"featured_media":0,"parent":0,"menu_order":0,"comment_status":"closed","ping_status":"closed","template":"","meta":{"pagelayer_contact_templates":[],"_pagelayer_content":"","footnotes":""},"class_list":["post-14","page","type-page","status-publish","hentry"],"_links":{"self":[{"href":"https:\/\/t-silikon.com\/shop\/wp-json\/wp\/v2\/pages\/14","targetHints":{"allow":["GET"]}}],"collection":[{"href":"https:\/\/t-silikon.com\/shop\/wp-json\/wp\/v2\/pages"}],"about":[{"href":"https:\/\/t-silikon.com\/shop\/wp-json\/wp\/v2\/types\/page"}],"author":[{"embeddable":true,"href":"https:\/\/t-silikon.com\/shop\/wp-json\/wp\/v2\/users\/1"}],"replies":[{"embeddable":true,"href":"https:\/\/t-silikon.com\/shop\/wp-json\/wp\/v2\/comments?post=14"}],"version-history":[{"count":7,"href":"https:\/\/t-silikon.com\/shop\/wp-json\/wp\/v2\/pages\/14\/revisions"}],"predecessor-version":[{"id":331,"href":"https:\/\/t-silikon.com\/shop\/wp-json\/wp\/v2\/pages\/14\/revisions\/331"}],"wp:attachment":[{"href":"https:\/\/t-silikon.com\/shop\/wp-json\/wp\/v2\/media?parent=14"}],"curies":[{"name":"wp","href":"https:\/\/api.w.org\/{rel}","templated":true}]}}